{"id":1528,"date":"2024-02-09T19:09:32","date_gmt":"2024-02-09T19:09:32","guid":{"rendered":"https:\/\/consultant.webmarketingcorps.com\/?page_id=1528"},"modified":"2024-02-10T00:24:59","modified_gmt":"2024-02-10T00:24:59","slug":"insurance","status":"publish","type":"page","link":"https:\/\/memoinsurance.com\/es\/insurance\/","title":{"rendered":"Seguro"},"content":{"rendered":"<div data-elementor-type=\"wp-page\" data-elementor-id=\"1528\" class=\"elementor elementor-1528\" data-elementor-post-type=\"page\">\n\t\t\t\t<div class=\"elementor-element elementor-element-f3a90ba e-flex e-con-boxed e-con e-parent\" data-id=\"f3a90ba\" data-element_type=\"container\" data-settings=\"{&quot;background_background&quot;:&quot;classic&quot;,&quot;ekit_has_onepagescroll_dot&quot;:&quot;yes&quot;}\">\n\t\t\t\t\t<div class=\"e-con-inner\">\n\t\t\t\t\t<\/div>\n\t\t\t\t<\/div>\n\t\t<div class=\"elementor-element elementor-element-f276ef4 e-flex e-con-boxed e-con e-parent\" data-id=\"f276ef4\" data-element_type=\"container\" data-settings=\"{&quot;ekit_has_onepagescroll_dot&quot;:&quot;yes&quot;}\">\n\t\t\t\t\t<div class=\"e-con-inner\">\n\t\t\t\t<div class=\"elementor-element elementor-element-c80f07f elementor-widget elementor-widget-heading\" data-id=\"c80f07f\" data-element_type=\"widget\" data-settings=\"{&quot;ekit_we_effect_on&quot;:&quot;none&quot;}\" data-widget_type=\"heading.default\">\n\t\t\t\t<div class=\"elementor-widget-container\">\n\t\t\t<style>\/*! elementor - v3.21.0 - 30-04-2024 *\/\n.elementor-heading-title{padding:0;margin:0;line-height:1}.elementor-widget-heading .elementor-heading-title[class*=elementor-size-]>a{color:inherit;font-size:inherit;line-height:inherit}.elementor-widget-heading .elementor-heading-title.elementor-size-small{font-size:15px}.elementor-widget-heading .elementor-heading-title.elementor-size-medium{font-size:19px}.elementor-widget-heading .elementor-heading-title.elementor-size-large{font-size:29px}.elementor-widget-heading .elementor-heading-title.elementor-size-xl{font-size:39px}.elementor-widget-heading .elementor-heading-title.elementor-size-xxl{font-size:59px}<\/style><h2 class=\"elementor-heading-title elementor-size-default\">Memo Insurance - cotizaciones de seguros gratuitas para seguros de autom\u00f3viles en California y Florida, Propietarios de viviendas, seguros de veh\u00edculos recreativos, seguros comerciales y m\u00e1s.\n<\/h2>\t\t<\/div>\n\t\t\t\t<\/div>\n\t\t\t\t<div class=\"elementor-element elementor-element-6334ee6 elementor-widget elementor-widget-text-editor\" data-id=\"6334ee6\" data-element_type=\"widget\" data-settings=\"{&quot;ekit_we_effect_on&quot;:&quot;none&quot;}\" data-widget_type=\"text-editor.default\">\n\t\t\t\t<div class=\"elementor-widget-container\">\n\t\t\t<style>\/*! elementor - v3.21.0 - 30-04-2024 *\/\n.elementor-widget-text-editor.elementor-drop-cap-view-stacked .elementor-drop-cap{background-color:#69727d;color:#fff}.elementor-widget-text-editor.elementor-drop-cap-view-framed .elementor-drop-cap{color:#69727d;border:3px solid;background-color:transparent}.elementor-widget-text-editor:not(.elementor-drop-cap-view-default) .elementor-drop-cap{margin-top:8px}.elementor-widget-text-editor:not(.elementor-drop-cap-view-default) .elementor-drop-cap-letter{width:1em;height:1em}.elementor-widget-text-editor .elementor-drop-cap{float:left;text-align:center;line-height:1;font-size:50px}.elementor-widget-text-editor .elementor-drop-cap-letter{display:inline-block}<\/style>\t\t\t\tMemo Insurance, su agencia local de seguros en California, nos dedicamos a brindarle las mejores p\u00f3lizas y servicios del mercado. Con fuertes ra\u00edces en la industria de seguros de CA, hemos tenido el tiempo de construir una s\u00f3lida red de aseguradoras, lo que nos permite ofrecerle tarifas y opciones de cobertura que no tienen comparaci\u00f3n con otras compa\u00f1\u00edas de seguros de California. Creemos firmemente en construir y mantener relaciones estables, duraderas y de confianza con todos nuestros clientes. Desde Van Nuys hasta LOS ANGELES, los seguros son nuestra pasi\u00f3n: usted es nuestra prioridad.<br><br>\n\nUbicaciones de nuestras oficinas: Los \u00c1ngeles, Bell, Riverside, Rialto, Downey, Van Nuys, Fontana.<br><br>\n\nCuando m\u00e1s necesite cobertura, ya sea por un accidente, robo, incendio, inundaci\u00f3n, tornado, terremoto o hurac\u00e1n, somos la respuesta para su recuperaci\u00f3n personal y financiera. Strong Tie Insurance Services INC. adaptar\u00e1 sus necesidades a la mejor p\u00f3liza de seguros posible para que se sienta seguros sabiendo que tiene la mejor cobertura de Bell, Sun Valley o Riverside.\t\t\t\t\t\t<\/div>\n\t\t\t\t<\/div>\n\t\t<div class=\"elementor-element elementor-element-720b9c9 e-flex e-con-boxed e-con e-child\" data-id=\"720b9c9\" data-element_type=\"container\" data-settings=\"{&quot;background_background&quot;:&quot;classic&quot;,&quot;ekit_has_onepagescroll_dot&quot;:&quot;yes&quot;}\">\n\t\t\t\t\t<div class=\"e-con-inner\">\n\t\t<div class=\"elementor-element elementor-element-8fdd8cc e-flex e-con-boxed e-con e-child\" data-id=\"8fdd8cc\" data-element_type=\"container\" data-settings=\"{&quot;background_background&quot;:&quot;classic&quot;,&quot;ekit_has_onepagescroll_dot&quot;:&quot;yes&quot;}\">\n\t\t\t\t\t<div class=\"e-con-inner\">\n\t\t\t\t<div class=\"elementor-element elementor-element-e43a708 elementor-widget elementor-widget-image\" data-id=\"e43a708\" data-element_type=\"widget\" data-settings=\"{&quot;ekit_we_effect_on&quot;:&quot;none&quot;}\" data-widget_type=\"image.default\">\n\t\t\t\t<div class=\"elementor-widget-container\">\n\t\t\t<style>\/*! elementor - v3.21.0 - 30-04-2024 *\/\n.elementor-widget-image{text-align:center}.elementor-widget-image a{display:inline-block}.elementor-widget-image a img[src$=\".svg\"]{width:48px}.elementor-widget-image img{vertical-align:middle;display:inline-block}<\/style>\t\t\t\t\t\t\t\t\t\t<img fetchpriority=\"high\" decoding=\"async\" width=\"800\" height=\"534\" src=\"https:\/\/memoinsurance.com\/wp-content\/uploads\/2024\/02\/businesswoman-in-call-center-office-1024x683-1.jpg\" class=\"attachment-large size-large wp-image-1393\" alt=\"\" srcset=\"https:\/\/memoinsurance.com\/wp-content\/uploads\/2024\/02\/businesswoman-in-call-center-office-1024x683-1.jpg 1024w, https:\/\/memoinsurance.com\/wp-content\/uploads\/2024\/02\/businesswoman-in-call-center-office-1024x683-1-300x200.jpg 300w, https:\/\/memoinsurance.com\/wp-content\/uploads\/2024\/02\/businesswoman-in-call-center-office-1024x683-1-768x512.jpg 768w\" sizes=\"(max-width: 800px) 100vw, 800px\" \/>\t\t\t\t\t\t\t\t\t\t\t\t\t<\/div>\n\t\t\t\t<\/div>\n\t\t\t\t\t<\/div>\n\t\t\t\t<\/div>\n\t\t<div class=\"elementor-element elementor-element-8490996 e-flex e-con-boxed e-con e-child\" data-id=\"8490996\" data-element_type=\"container\" data-settings=\"{&quot;ekit_has_onepagescroll_dot&quot;:&quot;yes&quot;}\">\n\t\t\t\t\t<div class=\"e-con-inner\">\n\t\t\t\t<div class=\"elementor-element elementor-element-1727c8b elementor-widget elementor-widget-heading\" data-id=\"1727c8b\" data-element_type=\"widget\" data-settings=\"{&quot;ekit_we_effect_on&quot;:&quot;none&quot;}\" data-widget_type=\"heading.default\">\n\t\t\t\t<div class=\"elementor-widget-container\">\n\t\t\t<h2 class=\"elementor-heading-title elementor-size-default\">\u00bfTe gustar\u00eda tener la mejor cobertura?\n<\/h2>\t\t<\/div>\n\t\t\t\t<\/div>\n\t\t\t\t<div class=\"elementor-element elementor-element-3531595 elementor-widget elementor-widget-text-editor\" data-id=\"3531595\" data-element_type=\"widget\" data-settings=\"{&quot;ekit_we_effect_on&quot;:&quot;none&quot;}\" data-widget_type=\"text-editor.default\">\n\t\t\t\t<div class=\"elementor-widget-container\">\n\t\t\t\t\t\t\tObtenga la cobertura de seguro adecuada a tus necesidades por un proveedor de su total confianza.\n\t\t\t\t\t\t<\/div>\n\t\t\t\t<\/div>\n\t\t\t\t<div class=\"elementor-element elementor-element-4ac7f70 elementor-align-center elementor-widget elementor-widget-button\" data-id=\"4ac7f70\" data-element_type=\"widget\" data-settings=\"{&quot;ekit_we_effect_on&quot;:&quot;none&quot;}\" data-widget_type=\"button.default\">\n\t\t\t\t<div class=\"elementor-widget-container\">\n\t\t\t\t\t<div class=\"elementor-button-wrapper\">\n\t\t\t<a class=\"elementor-button elementor-button-link elementor-size-sm\" href=\"https:\/\/memoinsurance.com\/es\/contact\/\">\n\t\t\t\t\t\t<span class=\"elementor-button-content-wrapper\">\n\t\t\t\t\t\t\t\t\t<span class=\"elementor-button-text\">Contactar<\/span>\n\t\t\t\t\t<\/span>\n\t\t\t\t\t<\/a>\n\t\t<\/div>\n\t\t\t\t<\/div>\n\t\t\t\t<\/div>\n\t\t\t\t\t<\/div>\n\t\t\t\t<\/div>\n\t\t\t\t\t<\/div>\n\t\t\t\t<\/div>\n\t\t\t\t\t<\/div>\n\t\t\t\t<\/div>\n\t\t<div class=\"elementor-element elementor-element-b56243e e-flex e-con-boxed e-con e-parent\" data-id=\"b56243e\" data-element_type=\"container\" data-settings=\"{&quot;ekit_has_onepagescroll_dot&quot;:&quot;yes&quot;}\">\n\t\t\t\t\t<div class=\"e-con-inner\">\n\t\t\t\t<div class=\"elementor-element elementor-element-8f4ea44 elementor-widget elementor-widget-heading\" data-id=\"8f4ea44\" data-element_type=\"widget\" data-settings=\"{&quot;ekit_we_effect_on&quot;:&quot;none&quot;}\" data-widget_type=\"heading.default\">\n\t\t\t\t<div class=\"elementor-widget-container\">\n\t\t\t<h2 class=\"elementor-heading-title elementor-size-default\">Seguro de Compensaci\u00f3n para Trabajadores de California \u2013 P\u00f3lizas de Seguro de Vida de California\u200b\n<\/h2>\t\t<\/div>\n\t\t\t\t<\/div>\n\t\t\t\t<div class=\"elementor-element elementor-element-8eb03d5 elementor-widget elementor-widget-text-editor\" data-id=\"8eb03d5\" data-element_type=\"widget\" data-settings=\"{&quot;ekit_we_effect_on&quot;:&quot;none&quot;}\" data-widget_type=\"text-editor.default\">\n\t\t\t\t<div class=\"elementor-widget-container\">\n\t\t\t\t\t\t\t<p>Le brindamos soluciones premium y personalizadas tanto para el seguro comercial de California como para el seguro personal. Nuestros agentes trabajan para usted y lo ayudar\u00e1n a dise\u00f1ar un paquete de seguros de California que se adapte a sus especificaciones \u00fanicas. Si usted es propietario de una peque\u00f1a empresa que busca cumplir con sus requisitos de compensaci\u00f3n para trabajadores de California o un joven profesional que abre su primera p\u00f3liza de seguro de vida de California, lo tenemos cubierto en Strong Tie Insurance.<br \/><br \/><\/p><p>Como corredores de seguros de California, tenemos la flexibilidad de comparar una amplia gama de compa\u00f1\u00edas para emparejarlo con un seguro de auto de California o un seguro de auto comercial en California que se adapte tanto a sus necesidades espec\u00edficas como a su billetera. Nuestro objetivo es construir una relaci\u00f3n con nuestros clientes, por lo que nos esforzamos no solo por cumplir, sino tambi\u00e9n por superar las expectativas de seguros de individuos, familias, grupos y empresas.<\/p>\t\t\t\t\t\t<\/div>\n\t\t\t\t<\/div>\n\t\t\t\t<div class=\"elementor-element elementor-element-0a6f780 elementor-widget elementor-widget-heading\" data-id=\"0a6f780\" data-element_type=\"widget\" data-settings=\"{&quot;ekit_we_effect_on&quot;:&quot;none&quot;}\" data-widget_type=\"heading.default\">\n\t\t\t\t<div class=\"elementor-widget-container\">\n\t\t\t<h2 class=\"elementor-heading-title elementor-size-default\">Corredor de seguros de California: compre seguros en Bell, Los \u00c1ngeles, Riverside, Sun Valley, Van Nuys: en cualquier lugar de California por tel\u00e9fono o en l\u00ednea\n<\/h2>\t\t<\/div>\n\t\t\t\t<\/div>\n\t\t\t\t<div class=\"elementor-element elementor-element-e3cc9b6 elementor-widget elementor-widget-text-editor\" data-id=\"e3cc9b6\" data-element_type=\"widget\" data-settings=\"{&quot;ekit_we_effect_on&quot;:&quot;none&quot;}\" data-widget_type=\"text-editor.default\">\n\t\t\t\t<div class=\"elementor-widget-container\">\n\t\t\t\t\t\t\t<p>Memo Insurance: Bell, Van Nuys, Colton, Los \u00c1ngeles, Riverside y Sun Valley. Ya sea que resida en San Francisco, San Diego o Los \u00c1ngeles, los seguros son f\u00e1cil con la ayuda de nuestros agentes de confianza.<\/p>\t\t\t\t\t\t<\/div>\n\t\t\t\t<\/div>\n\t\t\t\t<div class=\"elementor-element elementor-element-11a1b12 elementor-widget elementor-widget-image\" data-id=\"11a1b12\" data-element_type=\"widget\" data-settings=\"{&quot;ekit_we_effect_on&quot;:&quot;none&quot;}\" data-widget_type=\"image.default\">\n\t\t\t\t<div class=\"elementor-widget-container\">\n\t\t\t\t\t\t\t\t\t\t\t\t\t<img decoding=\"async\" width=\"800\" height=\"534\" src=\"https:\/\/memoinsurance.com\/wp-content\/uploads\/2024\/02\/busy-woman-doing-many-things-at-the-same-time-1536x1024-1-1024x683.jpg\" class=\"attachment-large size-large wp-image-1398\" alt=\"\" srcset=\"https:\/\/memoinsurance.com\/wp-content\/uploads\/2024\/02\/busy-woman-doing-many-things-at-the-same-time-1536x1024-1-1024x683.jpg 1024w, https:\/\/memoinsurance.com\/wp-content\/uploads\/2024\/02\/busy-woman-doing-many-things-at-the-same-time-1536x1024-1-300x200.jpg 300w, https:\/\/memoinsurance.com\/wp-content\/uploads\/2024\/02\/busy-woman-doing-many-things-at-the-same-time-1536x1024-1-768x512.jpg 768w, https:\/\/memoinsurance.com\/wp-content\/uploads\/2024\/02\/busy-woman-doing-many-things-at-the-same-time-1536x1024-1.jpg 1536w\" sizes=\"(max-width: 800px) 100vw, 800px\" \/>\t\t\t\t\t\t\t\t\t\t\t\t\t<\/div>\n\t\t\t\t<\/div>\n\t\t\t\t<div class=\"elementor-element elementor-element-680e990 elementor-align-center elementor-widget elementor-widget-button\" data-id=\"680e990\" data-element_type=\"widget\" data-settings=\"{&quot;ekit_we_effect_on&quot;:&quot;none&quot;}\" data-widget_type=\"button.default\">\n\t\t\t\t<div class=\"elementor-widget-container\">\n\t\t\t\t\t<div class=\"elementor-button-wrapper\">\n\t\t\t<a class=\"elementor-button elementor-button-link elementor-size-sm\" href=\"https:\/\/memoinsurance.com\/es\/contact\/\">\n\t\t\t\t\t\t<span class=\"elementor-button-content-wrapper\">\n\t\t\t\t\t\t\t\t\t<span class=\"elementor-button-text\">Contacto<\/span>\n\t\t\t\t\t<\/span>\n\t\t\t\t\t<\/a>\n\t\t<\/div>\n\t\t\t\t<\/div>\n\t\t\t\t<\/div>\n\t\t\t\t<div class=\"elementor-element elementor-element-c7333df elementor-widget elementor-widget-heading\" data-id=\"c7333df\" data-element_type=\"widget\" data-settings=\"{&quot;ekit_we_effect_on&quot;:&quot;none&quot;}\" data-widget_type=\"heading.default\">\n\t\t\t\t<div class=\"elementor-widget-container\">\n\t\t\t<h2 class=\"elementor-heading-title elementor-size-default\">Nuestras ubicaciones<\/h2>\t\t<\/div>\n\t\t\t\t<\/div>\n\t\t\t\t<div class=\"elementor-element elementor-element-73b3618 elementor-widget elementor-widget-text-editor\" data-id=\"73b3618\" data-element_type=\"widget\" data-settings=\"{&quot;ekit_we_effect_on&quot;:&quot;none&quot;}\" data-widget_type=\"text-editor.default\">\n\t\t\t\t<div class=\"elementor-widget-container\">\n\t\t\t\t\t\t\t<p>Con nueve ubicaciones en California y una en Miami, Florida, es f\u00e1cil comunicarse con nosotros y estamos disponibles para brindar asistencia, asesoramiento y servicio por tel\u00e9fono o en persona. Nuestras ubicaciones de California se enumeran a continuaci\u00f3n\u00a0<a href=\"https:\/\/memoinsurance.com\/es\/contact\/\" data-wpel-link=\"internal\">con informaci\u00f3n de contacto completa disponible en nuestra p\u00e1gina de contacto:<\/a>:<\/p><ul><li>Downey, California<\/li><li>Bell, California<\/li><li>Montebello, California<\/li><li>Huntington Beach, California<\/li><li>Gardena, California<\/li><li>Los Angeles, California<\/li><li>Van Nuys, California<\/li><li>Fontana, California<\/li><li>Riverside, California<\/li><\/ul>\t\t\t\t\t\t<\/div>\n\t\t\t\t<\/div>\n\t\t\t\t<div class=\"elementor-element elementor-element-c6de8d2 elementor-widget elementor-widget-heading\" data-id=\"c6de8d2\" data-element_type=\"widget\" data-settings=\"{&quot;ekit_we_effect_on&quot;:&quot;none&quot;}\" data-widget_type=\"heading.default\">\n\t\t\t\t<div class=\"elementor-widget-container\">\n\t\t\t<h2 class=\"elementor-heading-title elementor-size-default\">Contacta con nosotros ahora\n<\/h2>\t\t<\/div>\n\t\t\t\t<\/div>\n\t\t\t\t<div class=\"elementor-element elementor-element-5732e90 elementor-widget elementor-widget-text-editor\" data-id=\"5732e90\" data-element_type=\"widget\" data-settings=\"{&quot;ekit_we_effect_on&quot;:&quot;none&quot;}\" data-widget_type=\"text-editor.default\">\n\t\t\t\t<div class=\"elementor-widget-container\">\n\t\t\t\t\t\t\t<p>Si es due\u00f1o de una casa, es importante que est\u00e9 asegurado y protegido contra p\u00e9rdidas por robo, da\u00f1os a la propiedad y desastres naturales. El seguro de propietario de vivienda, as\u00ed como nuestras opciones de seguro de hogar, mantienen su inversi\u00f3n m\u00e1s valiosa segura y protegida.<\/p><p>Desde seguros para el hogar hasta seguros para condominios, seguros para autom\u00f3viles y una amplia gama de otros servicios de seguros, nuestro experimentado equipo ha ayudado a cientos de miles de personas a mantenerse aseguradas y protegidas financieramente.<\/p><p>Para comenzar, llame a nuestro equipo ahora al <strong>(800) 728-0996<\/strong>\u00a0para obtener m\u00e1s informaci\u00f3n sobre nuestros servicios de seguro de hogar o para solicitar un presupuesto gratuito. Disponibles las 24 horas del d\u00eda, los siete d\u00edas de la semana, nuestros agentes est\u00e1n listos para brindarle las respuestas sobre seguros y la informaci\u00f3n que necesita como propietario de una vivienda.<\/p>\t\t\t\t\t\t<\/div>\n\t\t\t\t<\/div>\n\t\t\t\t<div class=\"elementor-element elementor-element-bae37ba elementor-widget elementor-widget-heading\" data-id=\"bae37ba\" data-element_type=\"widget\" data-settings=\"{&quot;ekit_we_effect_on&quot;:&quot;none&quot;}\" data-widget_type=\"heading.default\">\n\t\t\t\t<div class=\"elementor-widget-container\">\n\t\t\t<h2 class=\"elementor-heading-title elementor-size-default\">Obtenga una cotizaci\u00f3n de seguro para su casa. \u00a1Ll\u00e1menos hoy!<\/h2>\t\t<\/div>\n\t\t\t\t<\/div>\n\t\t\t\t\t<\/div>\n\t\t\t\t<\/div>\n\t\t\t\t<\/div>","protected":false},"excerpt":{"rendered":"<p>Memo Insurance &#8211; Free Insurance Quotes for California &#038; Florida Auto Insurance, Homeowners Insurance, RV Insurance, Business Insurance &#038; More Memo Insurance, your local California insurance\u00a0agency, is dedicated to providing you with the best policies and services on the market. With strong roots in the CA insurance industry, we\u2019ve had the time to build a [&hellip;]<\/p>","protected":false},"author":1,"featured_media":0,"parent":0,"menu_order":0,"comment_status":"closed","ping_status":"closed","template":"elementor_header_footer","meta":{"footnotes":""},"class_list":["post-1528","page","type-page","status-publish","hentry"],"_links":{"self":[{"href":"https:\/\/memoinsurance.com\/es\/wp-json\/wp\/v2\/pages\/1528","targetHints":{"allow":["GET"]}}],"collection":[{"href":"https:\/\/memoinsurance.com\/es\/wp-json\/wp\/v2\/pages"}],"about":[{"href":"https:\/\/memoinsurance.com\/es\/wp-json\/wp\/v2\/types\/page"}],"author":[{"embeddable":true,"href":"https:\/\/memoinsurance.com\/es\/wp-json\/wp\/v2\/users\/1"}],"replies":[{"embeddable":true,"href":"https:\/\/memoinsurance.com\/es\/wp-json\/wp\/v2\/comments?post=1528"}],"version-history":[{"count":37,"href":"https:\/\/memoinsurance.com\/es\/wp-json\/wp\/v2\/pages\/1528\/revisions"}],"predecessor-version":[{"id":1575,"href":"https:\/\/memoinsurance.com\/es\/wp-json\/wp\/v2\/pages\/1528\/revisions\/1575"}],"wp:attachment":[{"href":"https:\/\/memoinsurance.com\/es\/wp-json\/wp\/v2\/media?parent=1528"}],"curies":[{"name":"wp","href":"https:\/\/api.w.org\/{rel}","templated":true}]}}